{"id":3,"date":"2023-01-12T14:15:14","date_gmt":"2023-01-12T14:15:14","guid":{"rendered":"http:\/\/pigeonsromania.com\/?page_id=3"},"modified":"2023-02-16T01:05:47","modified_gmt":"2023-02-16T01:05:47","slug":"privacy-policy-2","status":"publish","type":"page","link":"https:\/\/pigeonsromania.com\/en\/privacy-policy-2\/","title":{"rendered":"Privacy Policy"},"content":{"rendered":"<h2 class=\"wp-block-heading\">Cine suntem<\/h2>\n\n\n\n<p>Adresa site-ului nostru este: http:\/\/pigeonsromania.com.<\/p>\n\n\n\n<h2 class=\"wp-block-heading\">Comentarii<\/h2>\n\n\n\n<p>C\u00e2nd vizitatorii las\u0103 comentarii pe site, colect\u0103m datele afi\u0219ate \u00een formularul de comentarii, precum \u0219i adresa IP a vizitatorului \u0219i \u0219irul user agent al browserului pentru a ajuta la detectarea spam-ului.<\/p>\n\n\n\n<p>Un \u0219ir anonimizat creat din adresa dvs. de email (numit \u0219i hash) poate fi furnizat serviciului Gravatar pentru a verifica dac\u0103 \u00eel utiliza\u021bi. Politica de confiden\u021bialitate a serviciului Gravatar este disponibil\u0103 aici: https:\/\/automattic.com\/privacy\/. Dup\u0103 aprobarea comentariului dvs., imaginea de profil este vizibil\u0103 publicului \u00een contextul comentariului.<\/p>\n\n\n\n<h2 class=\"wp-block-heading\">Fi\u0219iere media<\/h2>\n\n\n\n<p>Dac\u0103 \u00eenc\u0103rca\u021bi imagini pe site, ar trebui s\u0103 evita\u021bi \u00eenc\u0103rcarea imaginilor cu date de loca\u021bie \u00eencorporate (EXIF GPS). Vizitatorii site-ului pot desc\u0103rca \u0219i extrage datele de loca\u021bie din imagini.<\/p>\n\n\n\n<h2 class=\"wp-block-heading\">Cookie-uri<\/h2>\n\n\n\n<p>Dac\u0103 l\u0103sa\u021bi un comentariu pe site-ul nostru, pute\u021bi opta pentru salvarea numelui, adresei de email \u0219i site-ului \u00een cookie-uri. Acestea sunt pentru confortul dvs. astfel \u00eenc\u00e2t s\u0103 nu fie nevoie s\u0103 completa\u021bi din nou detaliile c\u00e2nd l\u0103sa\u021bi un alt comentariu. Aceste cookie-uri vor dura un an.<\/p>\n\n\n\n<p>Dac\u0103 vizita\u021bi pagina noastr\u0103 de autentificare, vom seta un cookie temporar pentru a determina dac\u0103 browserul dvs. accept\u0103 cookie-uri. Acest cookie nu con\u021bine date personale \u0219i este eliminat c\u00e2nd \u00eenchide\u021bi browserul.<\/p>\n\n\n\n<p>C\u00e2nd v\u0103 autentifica\u021bi, vom seta mai multe cookie-uri pentru a salva informa\u021biile de autentificare \u0219i op\u021biunile de afi\u0219are. Cookie-urile de autentificare dureaz\u0103 dou\u0103 zile, iar cookie-urile de op\u021biuni dureaz\u0103 un an. Dac\u0103 selecta\u021bi &#8222;\u021aine-m\u0103 minte&#8221;, autentificarea va persista dou\u0103 s\u0103pt\u0103m\u00e2ni. Dac\u0103 v\u0103 deconecta\u021bi, cookie-urile de autentificare vor fi eliminate.<\/p>\n\n\n\n<p>Dac\u0103 edita\u021bi sau publica\u021bi un articol, un cookie suplimentar va fi salvat \u00een browser. Acest cookie nu include date personale \u0219i indic\u0103 pur \u0219i simplu ID-ul post\u0103rii pe care tocmai a\u021bi editat-o. Expir\u0103 dup\u0103 1 zi.<\/p>\n\n\n\n<h2 class=\"wp-block-heading\">Con\u021binut \u00eencorporat din alte site-uri<\/h2>\n\n\n\n<p>Articolele de pe acest site pot include con\u021binut \u00eencorporat (ex. videoclipuri, imagini, articole etc.). Con\u021binutul \u00eencorporat din alte site-uri se comport\u0103 exact ca \u0219i c\u00e2nd vizitatorul ar fi vizitat cel\u0103lalt site.<\/p>\n\n\n\n<p>Aceste site-uri pot colecta date despre dvs., pot folosi cookie-uri, pot \u00eencorpora urm\u0103rire suplimentar\u0103 de ter\u021be p\u0103r\u021bi \u0219i pot monitoriza interac\u021biunea dvs. cu con\u021binutul respectiv.<\/p>\n\n\n\n<h2 class=\"wp-block-heading\">Cu cine partaj\u0103m datele dvs.<\/h2>\n\n\n\n<p>Dac\u0103 solicita\u021bi resetarea parolei, adresa dvs. IP va fi inclus\u0103 \u00een emailul de resetare.<\/p>\n\n\n\n<h2 class=\"wp-block-heading\">C\u00e2t timp p\u0103str\u0103m datele dvs.<\/h2>\n\n\n\n<p>Dac\u0103 l\u0103sa\u021bi un comentariu, comentariul \u0219i metadatele sale sunt p\u0103strate pe termen nelimitat. Aceasta ne permite s\u0103 recunoa\u0219tem \u0219i s\u0103 aprob\u0103m automat orice comentarii ulterioare.<\/p>\n\n\n\n<p>Pentru utilizatorii care se \u00eenregistreaz\u0103 pe site-ul nostru, stoc\u0103m \u0219i informa\u021biile personale pe care le furnizeaz\u0103 \u00een profilul de utilizator. To\u021bi utilizatorii pot vedea, edita sau \u0219terge informa\u021biile personale oric\u00e2nd. Administratorii site-ului pot, de asemenea, vedea \u0219i edita aceste informa\u021bii.<\/p>\n\n\n\n<h2 class=\"wp-block-heading\">Ce drepturi ave\u021bi asupra datelor dvs.<\/h2>\n\n\n\n<p>Dac\u0103 ave\u021bi un cont pe acest site sau a\u021bi l\u0103sat comentarii, pute\u021bi solicita un fi\u0219ier exportat cu datele personale pe care le de\u021binem despre dvs. Pute\u021bi solicita, de asemenea, \u0219tergerea oric\u0103ror date personale pe care le de\u021binem. Aceasta nu include datele pe care suntem obliga\u021bi s\u0103 le p\u0103str\u0103m \u00een scopuri administrative, legale sau de securitate.<\/p>\n\n\n\n<h2 class=\"wp-block-heading\">Unde sunt trimise datele dvs.<\/h2>\n\n\n\n<p>Comentariile vizitatorilor pot fi verificate printr-un serviciu automat de detectare a spam-ului.<\/p>","protected":false},"excerpt":{"rendered":"<p>Cine suntem Adresa site-ului nostru este: http:\/\/pigeonsromania.com. Comentarii C\u00e2nd vizitatorii las\u0103 comentarii pe site, colect\u0103m datele afi\u0219ate \u00een formularul de comentarii, precum \u0219i adresa IP a vizitatorului \u0219i \u0219irul user agent al browserului pentru a ajuta la detectarea spam-ului. Un \u0219ir anonimizat creat din adresa dvs. de email (numit \u0219i hash) poate fi furnizat serviciului [&hellip;]<\/p>\n","protected":false},"author":1,"featured_media":0,"parent":0,"menu_order":0,"comment_status":"closed","ping_status":"open","template":"","meta":{"footnotes":""},"class_list":["post-3","page","type-page","status-publish","hentry"],"blocksy_meta":{"styles_descriptor":{"styles":{"desktop":"","tablet":"","mobile":""},"google_fonts":[],"version":6}},"_links":{"self":[{"href":"https:\/\/pigeonsromania.com\/en\/wp-json\/wp\/v2\/pages\/3","targetHints":{"allow":["GET"]}}],"collection":[{"href":"https:\/\/pigeonsromania.com\/en\/wp-json\/wp\/v2\/pages"}],"about":[{"href":"https:\/\/pigeonsromania.com\/en\/wp-json\/wp\/v2\/types\/page"}],"author":[{"embeddable":true,"href":"https:\/\/pigeonsromania.com\/en\/wp-json\/wp\/v2\/users\/1"}],"replies":[{"embeddable":true,"href":"https:\/\/pigeonsromania.com\/en\/wp-json\/wp\/v2\/comments?post=3"}],"version-history":[{"count":1,"href":"https:\/\/pigeonsromania.com\/en\/wp-json\/wp\/v2\/pages\/3\/revisions"}],"predecessor-version":[{"id":649,"href":"https:\/\/pigeonsromania.com\/en\/wp-json\/wp\/v2\/pages\/3\/revisions\/649"}],"wp:attachment":[{"href":"https:\/\/pigeonsromania.com\/en\/wp-json\/wp\/v2\/media?parent=3"}],"curies":[{"name":"wp","href":"https:\/\/api.w.org\/{rel}","templated":true}]}}