{"id":568,"date":"2022-03-02T09:54:53","date_gmt":"2022-03-02T09:54:53","guid":{"rendered":"https:\/\/demo.creativethemes.com\/blocksy\/home-decor\/?page_id=3"},"modified":"2023-02-21T23:53:30","modified_gmt":"2023-02-21T23:53:30","slug":"terms-conditions","status":"publish","type":"page","link":"https:\/\/pigeonsromania.com\/en\/terms-conditions\/","title":{"rendered":"Terms &amp; Conditions"},"content":{"rendered":"<p>Condi\u021bii \u0219i Regulamente pentru www.pigeonsromania.com<\/p>\n\n\n\n<ol class=\"wp-block-list\">\n<li>Pentru a plasa o ofert\u0103 trebuie mai \u00eent\u00e2i s\u0103 v\u0103 \u00eenregistra\u021bi. Dup\u0103 \u00eenregistrare ve\u021bi primi o confirmare de la Famous Pigeon Auction prin E-mail care con\u021bine datele de autentificare.<\/li>\n\n\n\n<li>Pa\u0219i de licitare: Oferte sub \u20ac 50 cu un minim de \u20ac 5. Oferte de la \u20ac 50 la \u20ac 500 cu un minim de \u20ac 10. Oferte peste \u20ac 500 cu un minim de \u20ac 25.<\/li>\n\n\n\n<li>Oferta depus\u0103 nu poate fi mai mult dec\u00e2t dublul celei mai mari oferte curente plasate.<\/li>\n\n\n\n<li>C\u00e2nd o ofert\u0103 plasat\u0103 este egal\u0103 cu suma unei oferte automate existente, v\u00e2nzarea este acordat\u0103 ofertei automate deoarece a fost plasat\u0103 mai devreme.<\/li>\n\n\n\n<li>Dac\u0103 dou\u0103 sau mai multe oferte automate se termin\u0103 la egalitate, v\u00e2nzarea este acordat\u0103 primei oferte automate plasate.<\/li>\n\n\n\n<li>Oferta c\u00e2\u0219tig\u0103toare pentru un porumbel\/voucher este cea mai mare ofert\u0103 \u00eenregistrat\u0103 \u00een sistem la momentul \u00eencheierii licita\u021biei.<\/li>\n\n\n\n<li>Ora de \u00eencheiere a unei licita\u021bii online este ora de \u00eenchidere afi\u0219at\u0103 \u00een licita\u021bie. Dac\u0103 o ofert\u0103 este plasat\u0103 \u00een ultimele zece minute ale unei licita\u021bii, licita\u021bia pentru porumbelul\/voucherul \u00een cauz\u0103 va fi prelungit\u0103 cu zece minute \u0219i at\u00e2ta timp c\u00e2t nu mai sunt plasate oferte timp de zece minute.<\/li>\n\n\n\n<li>Dup\u0103 o licita\u021bie, at\u00e2t cump\u0103r\u0103torul c\u00e2t \u0219i v\u00e2nz\u0103torul vor primi un E-mail cu detaliile privind decontarea final\u0103 a licita\u021biei. Plata trebuie efectuat\u0103 \u00een maximum 5 zile de la \u00eencheierea licita\u021biei prin virament bancar sau numerar.<\/li>\n\n\n\n<li>Costul transportului este \u00eentotdeauna pl\u0103tit de cump\u0103r\u0103tor, dac\u0103 nu s-a convenit altfel.<\/li>\n\n\n\n<li>V\u00e2nz\u0103torul este responsabil ca informa\u021biile furnizate s\u0103 fie, \u00een m\u0103sura cuno\u0219tin\u021belor sale, corecte.<\/li>\n\n\n\n<li>Cump\u0103r\u0103torul este de acord c\u0103 datele sale admise la Famous Pigeon Auction vor fi transmise v\u00e2nz\u0103torului.<\/li>\n\n\n\n<li>V\u00e2nz\u0103torul este, de asemenea, responsabil pentru calitatea \u0219i s\u0103n\u0103tatea porumbeilor oferi\u021bi. Famous Pigeon Auction nu este dec\u00e2t un intermediar \u00een aceast\u0103 privin\u021b\u0103.<\/li>\n\n\n\n<li>Famous Pigeon Auction este scutit de orice form\u0103 de r\u0103spundere cauzat\u0103 de erori pe website.<\/li>\n\n\n\n<li>Famous Pigeon Auction \u00ee\u0219i rezerv\u0103 dreptul de a modifica condi\u021biile men\u021bionate mai sus \u00een orice moment.<\/li>\n<\/ol>","protected":false},"excerpt":{"rendered":"<p>Condi\u021bii \u0219i Regulamente pentru www.pigeonsromania.com<\/p>","protected":false},"author":1,"featured_media":0,"parent":0,"menu_order":0,"comment_status":"closed","ping_status":"closed","template":"","meta":{"footnotes":""},"class_list":["post-568","page","type-page","status-publish","hentry"],"blocksy_meta":{"styles_descriptor":{"styles":{"desktop":"","tablet":"","mobile":""},"google_fonts":[],"version":6}},"_links":{"self":[{"href":"https:\/\/pigeonsromania.com\/en\/wp-json\/wp\/v2\/pages\/568","targetHints":{"allow":["GET"]}}],"collection":[{"href":"https:\/\/pigeonsromania.com\/en\/wp-json\/wp\/v2\/pages"}],"about":[{"href":"https:\/\/pigeonsromania.com\/en\/wp-json\/wp\/v2\/types\/page"}],"author":[{"embeddable":true,"href":"https:\/\/pigeonsromania.com\/en\/wp-json\/wp\/v2\/users\/1"}],"replies":[{"embeddable":true,"href":"https:\/\/pigeonsromania.com\/en\/wp-json\/wp\/v2\/comments?post=568"}],"version-history":[{"count":2,"href":"https:\/\/pigeonsromania.com\/en\/wp-json\/wp\/v2\/pages\/568\/revisions"}],"predecessor-version":[{"id":662,"href":"https:\/\/pigeonsromania.com\/en\/wp-json\/wp\/v2\/pages\/568\/revisions\/662"}],"wp:attachment":[{"href":"https:\/\/pigeonsromania.com\/en\/wp-json\/wp\/v2\/media?parent=568"}],"curies":[{"name":"wp","href":"https:\/\/api.w.org\/{rel}","templated":true}]}}