{"id":72,"date":"2023-02-16T01:04:11","date_gmt":"2023-02-16T01:04:11","guid":{"rendered":"https:\/\/demo.creativethemes.com\/blocksy\/home-decor\/?page_id=72"},"modified":"2023-02-16T01:04:13","modified_gmt":"2023-02-16T01:04:13","slug":"refund_returns","status":"publish","type":"page","link":"https:\/\/pigeonsromania.com\/en\/refund_returns\/","title":{"rendered":"Refund and Returns Policy"},"content":{"rendered":"<p><\/p>\n\n\n\n<p><h3>Prezentare general\u0103<\/h3><\/p>\n\n\n\n<p>Politica noastra de rambursare si returnari este valabila 30 de zile. Daca au trecut 30 de zile de la achizitie, nu putem oferi o rambursare completa sau schimb.<\/p>\n\n\n\n<p>Pentru a fi eligibil pentru o returnare, produsul trebuie s\u0103 fie nefolosit \u0219i \u00een aceea\u0219i condi\u021bie \u00een care l-a\u021bi primit. De asemenea, trebuie s\u0103 fie \u00een ambalajul original.<\/p>\n\n\n\n<p>Mai multe tipuri de bunuri sunt scutite de returnare. Bunurile perisabile, cum ar fi alimentele, florile, ziarele sau revistele nu pot fi returnate. De asemenea, nu accept\u0103m produse care sunt bunuri intime sau sanitare, materiale periculoase sau lichide sau gaze inflamabile.<\/p>\n\n\n\n<p>Articole suplimentare care nu pot fi returnate:<\/p>\n\n\n\n<ul class=\"wp-block-list\">\n<li>Carduri cadou<\/li>\n\n\n\n<li>Produse software desc\u0103rcabile<\/li>\n\n\n\n<li>Unele articole de s\u0103n\u0103tate \u0219i \u00eengrijire personal\u0103<\/li>\n<\/ul>\n\n\n\n<p>Pentru a finaliza returnarea, avem nevoie de o chitan\u021b\u0103 sau dovad\u0103 de cump\u0103rare.<\/p>\n\n\n\n<p>V\u0103 rug\u0103m s\u0103 nu trimite\u021bi achizi\u021bia \u00eenapoi la produc\u0103tor.<\/p>\n\n\n\n<p>Exist\u0103 anumite situa\u021bii \u00een care sunt acordate doar ramburs\u0103ri par\u021biale:<\/p>\n\n\n\n<ul class=\"wp-block-list\">\n<li>Carte cu semne evidente de utilizare<\/li>\n\n\n\n<li>CD, DVD, caseta VHS, software, joc video, caseta sau disc de vinil care a fost deschis.<\/li>\n\n\n\n<li>Orice articol care nu este \u00een starea sa original\u0103, este deteriorat sau lipsesc piese din motive care nu se datoreaz\u0103 erorii noastre.<\/li>\n\n\n\n<li>Orice articol returnat la mai mult de 30 de zile de la livrare<\/li>\n<\/ul>\n\n\n\n<p><h2>Ramburs\u0103ri<\/h2><\/p>\n\n\n\n<p>Odat\u0103 ce returnarea este primit\u0103 \u0219i inspectat\u0103, v\u0103 vom trimite un email pentru a v\u0103 notifica c\u0103 am primit articolul returnat. V\u0103 vom notifica, de asemenea, cu privire la aprobarea sau respingerea ramburs\u0103rii.<\/p>\n\n\n\n<p>Dac\u0103 sunte\u021bi aprobat, rambursarea va fi procesat\u0103 \u0219i un credit va fi aplicat automat pe cardul de credit sau metoda original\u0103 de plat\u0103, \u00eentr-un anumit num\u0103r de zile.<\/p>\n\n\n\n<p><b>Ramburs\u0103ri \u00eent\u00e2rziate sau lips\u0103<\/b><\/p>\n\n\n\n<p>Daca nu ati primit inca o rambursare, verificati mai intai din nou contul bancar.<\/p>\n\n\n\n<p>Apoi contacta\u021bi compania cardului de credit, poate dura ceva timp p\u00e2n\u0103 c\u00e2nd rambursarea este postat\u0103 oficial.<\/p>\n\n\n\n<p>Contacta\u021bi-v\u0103 banca. Exist\u0103 adesea un timp de procesare \u00eenainte ca rambursarea s\u0103 fie postat\u0103.<\/p>\n\n\n\n<p>Daca ati facut toate acestea si nu ati primit inca rambursarea, va rugam sa ne contactati la {adresa email}.<\/p>\n\n\n\n<p><b>Articole la reducere<\/b><\/p>\n\n\n\n<p>Numai articolele la pre\u021bul normal pot fi rambursate. Articolele la reducere nu pot fi rambursate.<\/p>\n\n\n\n<p><h2>Schimburi<\/h2><\/p>\n\n\n\n<p>Inlocuim articolele numai daca sunt defecte sau deteriorate. Trimiteti-ne un email la {adresa email} si trimiteti articolul la: {adresa fizica}.<\/p>\n\n\n\n<p><h2>Cadouri<\/h2><\/p>\n\n\n\n<p>Daca articolul a fost marcat ca cadou la cumparare si livrat direct dvs., veti primi un credit cadou. Odata ce articolul returnat este primit, va va fi trimis un certificat cadou.<\/p>\n\n\n\n<p>Daca articolul nu a fost marcat ca cadou la cumparare, vom trimite o rambursare celui care a oferit cadoul.<\/p>\n\n\n\n<p><h2>Return\u0103ri prin transport<\/h2><\/p>\n\n\n\n<p>Pentru a v\u0103 returna produsul, trebuie s\u0103 expedia\u021bi produsul la: {physical address}.<\/p>\n\n\n\n<p>Ve\u021bi fi responsabil pentru plata propriilor costuri de expediere pentru returnarea articolului. Costurile de expediere nu sunt rambursabile. Dac\u0103 primi\u021bi o rambursare, costul expedierii de retur va fi dedus din rambursare.<\/p>\n\n\n\n<p>\u00cen func\u021bie de locul \u00een care locui\u021bi, timpul necesar pentru ca produsul schimbat s\u0103 ajung\u0103 la dvs. poate varia.<\/p>\n\n\n\n<p>Daca returnati articole mai scumpe, puteti lua in considerare utilizarea unui serviciu de expediere cu urmarire. Nu garantam ca vom primi articolul returnat.<\/p>\n\n\n\n<p><h2>Ave\u021bi nevoie de ajutor?<\/h2><\/p>\n\n\n\n<p>Contactati-ne la {email} pentru intrebari legate de rambursari si returnari.<\/p>","protected":false},"excerpt":{"rendered":"<p>Prezentare general\u0103 Politica noastra de rambursare si returnari este valabila 30 de zile. Daca au trecut 30 de zile de la achizitie, nu putem oferi o rambursare completa sau schimb. Pentru a fi eligibil pentru o returnare, produsul trebuie s\u0103 fie nefolosit \u0219i \u00een aceea\u0219i condi\u021bie \u00een care l-a\u021bi primit. De asemenea, trebuie s\u0103 fie [&hellip;]<\/p>\n","protected":false},"author":1,"featured_media":0,"parent":0,"menu_order":0,"comment_status":"closed","ping_status":"closed","template":"","meta":{"footnotes":""},"class_list":["post-72","page","type-page","status-publish","hentry"],"blocksy_meta":{"styles_descriptor":{"styles":{"desktop":"","tablet":"","mobile":""},"google_fonts":[],"version":6}},"_links":{"self":[{"href":"https:\/\/pigeonsromania.com\/en\/wp-json\/wp\/v2\/pages\/72","targetHints":{"allow":["GET"]}}],"collection":[{"href":"https:\/\/pigeonsromania.com\/en\/wp-json\/wp\/v2\/pages"}],"about":[{"href":"https:\/\/pigeonsromania.com\/en\/wp-json\/wp\/v2\/types\/page"}],"author":[{"embeddable":true,"href":"https:\/\/pigeonsromania.com\/en\/wp-json\/wp\/v2\/users\/1"}],"replies":[{"embeddable":true,"href":"https:\/\/pigeonsromania.com\/en\/wp-json\/wp\/v2\/comments?post=72"}],"version-history":[{"count":1,"href":"https:\/\/pigeonsromania.com\/en\/wp-json\/wp\/v2\/pages\/72\/revisions"}],"predecessor-version":[{"id":648,"href":"https:\/\/pigeonsromania.com\/en\/wp-json\/wp\/v2\/pages\/72\/revisions\/648"}],"wp:attachment":[{"href":"https:\/\/pigeonsromania.com\/en\/wp-json\/wp\/v2\/media?parent=72"}],"curies":[{"name":"wp","href":"https:\/\/api.w.org\/{rel}","templated":true}]}}